{"id":121,"date":"2019-06-20T13:50:36","date_gmt":"2019-06-20T11:50:36","guid":{"rendered":"https:\/\/musikschulewuerenlos.wordpress.com\/?page_id=121"},"modified":"2025-08-25T15:01:50","modified_gmt":"2025-08-25T13:01:50","slug":"musiklager19","status":"publish","type":"page","link":"https:\/\/lager.musikschulewuerenlos.ch\/index.php\/musiklager19\/","title":{"rendered":""},"content":{"rendered":"\n<p class=\"has-text-align-center\"><em><strong>HIER GEHT ES HIN<\/strong><\/em><\/p>\n\n\n\n<hr class=\"wp-block-separator has-css-opacity is-style-wide\"\/>\n\n\n\n<h1 class=\"wp-block-heading has-text-align-center\">LAGERORT<\/h1>\n\n\n\n<p class=\"has-text-align-center\">Wir werden zum sechsten Mal unsere Zeit in Fl\u00fceli-Ranft, in der Gemeinde Sachseln im Kanton Obwalden verbringen. Das Dorfbild von Fl\u00fceli-Ranft ist als sch\u00fctzenswertes Ortsbild der Schweiz mit nationaler Bedeutung eingestuft.<\/p>\n\n\n\n<figure class=\"wp-block-gallery has-nested-images columns-default is-cropped wp-block-gallery-1 is-layout-flex wp-block-gallery-is-layout-flex\">\n<figure class=\"wp-block-image\"><a href=\"https:\/\/lager.musikschulewuerenlos.ch\/wp-content\/uploads\/2019\/06\/dorf-e1561448947665.png\"><img fetchpriority=\"high\" decoding=\"async\" width=\"1600\" height=\"754\" data-id=\"138\" src=\"https:\/\/lager.musikschulewuerenlos.ch\/wp-content\/uploads\/2019\/06\/dorf-e1561448947665.png\" alt=\"\" class=\"wp-image-138\"\/><\/a><\/figure>\n\n\n\n<figure class=\"wp-block-image\"><a href=\"https:\/\/lager.musikschulewuerenlos.ch\/wp-content\/uploads\/2019\/06\/see.png\"><img decoding=\"async\" width=\"5000\" height=\"2025\" data-id=\"140\" src=\"https:\/\/lager.musikschulewuerenlos.ch\/wp-content\/uploads\/2019\/06\/see.png\" alt=\"\" class=\"wp-image-140\"\/><\/a><\/figure>\n\n\n\n<figure class=\"wp-block-image\"><a href=\"https:\/\/lager.musikschulewuerenlos.ch\/wp-content\/uploads\/2019\/06\/dorf2.png\"><img decoding=\"async\" width=\"1900\" height=\"1425\" data-id=\"139\" src=\"https:\/\/lager.musikschulewuerenlos.ch\/wp-content\/uploads\/2019\/06\/dorf2.png\" alt=\"\" class=\"wp-image-139\"\/><\/a><\/figure>\n\n\n\n<figure class=\"wp-block-image\"><a href=\"https:\/\/lager.musikschulewuerenlos.ch\/wp-content\/uploads\/2019\/06\/berge-1.jpg\"><img loading=\"lazy\" decoding=\"async\" width=\"7445\" height=\"1817\" data-id=\"141\" src=\"https:\/\/lager.musikschulewuerenlos.ch\/wp-content\/uploads\/2019\/06\/berge-1.jpg\" alt=\"\" class=\"wp-image-141\"\/><\/a><\/figure>\n<\/figure>\n\n\n\n<div style=\"height:50px\" aria-hidden=\"true\" class=\"wp-block-spacer\"><\/div>\n\n\n\n<p class=\"has-text-align-center\"><strong><em>HIER WOHNEN WIR<\/em><\/strong><\/p>\n\n\n\n<hr class=\"wp-block-separator has-css-opacity is-style-wide\"\/>\n\n\n\n<h1 class=\"wp-block-heading has-text-align-center\">UNTERKUNFT<\/h1>\n\n\n\n<p class=\"has-text-align-center\">Wir werden uns wieder in der Jugendunterkunft Bruder Klaus in Fl\u00fceli-Ranft einrichten. Das Lagerhaus bietet mit seinen vielseitig nutzbaren R\u00e4umlichkeiten und einem grossen Musiksaal ideale Bedingungen f\u00fcr das Musizieren und Singen in kleineren und gr\u00f6sseren Gruppen. Ein Mehrzweckraum mit Ping-Pong-Tisch, ein Ballspielplatz, eine Feuerstelle und viel Natur laden zu weiteren Aktivit\u00e4ten drinnen und draussen ein.<\/p>\n\n\n\n<figure class=\"wp-block-gallery aligncenter has-nested-images columns-default is-cropped wp-block-gallery-2 is-layout-flex wp-block-gallery-is-layout-flex\">\n<figure class=\"wp-block-image\"><a href=\"https:\/\/lager.musikschulewuerenlos.ch\/wp-content\/uploads\/2019\/06\/lagerhaus.png\"><img loading=\"lazy\" decoding=\"async\" width=\"2000\" height=\"1104\" data-id=\"149\" src=\"https:\/\/lager.musikschulewuerenlos.ch\/wp-content\/uploads\/2019\/06\/lagerhaus.png\" alt=\"\" class=\"wp-image-149\"\/><\/a><\/figure>\n\n\n\n<figure class=\"wp-block-image\"><a href=\"https:\/\/lager.musikschulewuerenlos.ch\/wp-content\/uploads\/2019\/06\/kc3bcche2.png\"><img loading=\"lazy\" decoding=\"async\" width=\"1024\" height=\"683\" data-id=\"148\" src=\"https:\/\/lager.musikschulewuerenlos.ch\/wp-content\/uploads\/2019\/06\/kc3bcche2.png\" alt=\"\" class=\"wp-image-148\"\/><\/a><\/figure>\n\n\n\n<figure class=\"wp-block-image\"><a href=\"https:\/\/lager.musikschulewuerenlos.ch\/wp-content\/uploads\/2019\/06\/gang.png\"><img loading=\"lazy\" decoding=\"async\" width=\"500\" height=\"351\" data-id=\"146\" src=\"https:\/\/lager.musikschulewuerenlos.ch\/wp-content\/uploads\/2019\/06\/gang.png\" alt=\"\" class=\"wp-image-146\"\/><\/a><\/figure>\n\n\n\n<figure class=\"wp-block-image\"><a href=\"https:\/\/lager.musikschulewuerenlos.ch\/wp-content\/uploads\/2019\/06\/betten2.png\"><img loading=\"lazy\" decoding=\"async\" width=\"500\" height=\"333\" data-id=\"145\" src=\"https:\/\/lager.musikschulewuerenlos.ch\/wp-content\/uploads\/2019\/06\/betten2.png\" alt=\"\" class=\"wp-image-145\"\/><\/a><\/figure>\n\n\n\n<figure class=\"wp-block-image\"><a href=\"https:\/\/lager.musikschulewuerenlos.ch\/wp-content\/uploads\/2019\/06\/betten1.png\"><img loading=\"lazy\" decoding=\"async\" width=\"500\" height=\"333\" data-id=\"144\" src=\"https:\/\/lager.musikschulewuerenlos.ch\/wp-content\/uploads\/2019\/06\/betten1.png\" alt=\"\" class=\"wp-image-144\"\/><\/a><\/figure>\n\n\n\n<figure class=\"wp-block-image\"><a href=\"https:\/\/lager.musikschulewuerenlos.ch\/wp-content\/uploads\/2019\/06\/aufenthaltsraum.png\"><img loading=\"lazy\" decoding=\"async\" width=\"500\" height=\"333\" data-id=\"143\" src=\"https:\/\/lager.musikschulewuerenlos.ch\/wp-content\/uploads\/2019\/06\/aufenthaltsraum.png\" alt=\"\" class=\"wp-image-143\"\/><\/a><\/figure>\n<\/figure>\n\n\n\n<p class=\"has-text-align-center\"><strong>Jugendunterkunft Bruder Klaus<\/strong><br>Dossen 2<br>6073 Fl\u00fceli-Ranft<br><a href=\"https:\/\/www.unterkunft.ch\/haeuser\/juhui-flueeli-ranft\">www.unterkunft.ch\/haeuser\/juhui-flueeli-ranft<\/a><\/p>\n\n\n\n<figure><iframe src=\"https:\/\/www.google.com\/maps\/embed?pb=!1m18!1m12!1m3!1d3348.920202440051!2d8.26903571581207!3d46.874498846254774!2m3!1f0!2f0!3f0!3m2!1i1024!2i768!4f13.1!3m3!1m2!1s0x478ff30af86a806f%3A0xe50adca17f08c35d!2sJugendunterkunft+Bruder+Klaus!5e1!3m2!1sde!2sch!4v1563995843138!5m2!1sde!2sch\" width=\"600\" height=\"450\" allowfullscreen=\"\"><\/iframe><\/figure>\n\n\n\n<div style=\"height:50px\" aria-hidden=\"true\" class=\"wp-block-spacer\"><\/div>\n\n\n\n<p class=\"has-text-align-center\"><strong><em>HIER K\u00d6NNT IHR UNS H\u00d6REN<\/em><\/strong><\/p>\n\n\n\n<hr class=\"wp-block-separator has-css-opacity is-style-wide\"\/>\n\n\n\n<h1 class=\"wp-block-heading has-text-align-center\">ABSCHLUSSKONZERT<\/h1>\n\n\n\n<p class=\"has-text-align-center\">Samstag, 11. Oktober 2025<br>16:00 Uhr (Wird w\u00e4hrend Lager noch best\u00e4tigt)<br>Mehrzweckhalle W\u00fcrenlos<br><a href=\"https:\/\/lager.musikschulewuerenlos.ch\/index.php\/2021\/10\/25\/abschlusskonzert-samstag-16-10-2021\/\">Abschlusskonzert<\/a><\/p>\n\n\n\n<p class=\"has-text-align-center\">Schaut doch im <strong><a href=\"https:\/\/lager.musikschulewuerenlos.ch\/index.php\/archiv\/\">Archiv<\/a><\/strong> auch auf die letzten Abschlusskonzerte zur\u00fcck!!!<\/p>\n\n\n\n<figure class=\"wp-block-gallery has-nested-images columns-default is-cropped wp-block-gallery-3 is-layout-flex wp-block-gallery-is-layout-flex\">\n<figure class=\"wp-block-image\"><img loading=\"lazy\" decoding=\"async\" width=\"1024\" height=\"683\" data-id=\"3558\" src=\"https:\/\/lager.musikschulewuerenlos.ch\/wp-content\/uploads\/2021\/10\/IMG_4448.jpg\" alt=\"\" class=\"wp-image-3558\"\/><\/figure>\n\n\n\n<figure class=\"wp-block-image\"><img loading=\"lazy\" decoding=\"async\" width=\"1024\" height=\"683\" data-id=\"3492\" src=\"https:\/\/lager.musikschulewuerenlos.ch\/wp-content\/uploads\/2021\/10\/IMG_4382.jpg\" alt=\"\" class=\"wp-image-3492\"\/><\/figure>\n<\/figure>\n\n\n\n<div style=\"height:50px\" aria-hidden=\"true\" class=\"wp-block-spacer\"><\/div>\n\n\n\n<p class=\"has-text-align-center\"><em><strong>UNSERE UNTERST\u00dcTZUNG<\/strong><\/em><\/p>\n\n\n\n<hr class=\"wp-block-separator has-css-opacity is-style-wide\"\/>\n\n\n\n<h1 class=\"wp-block-heading has-text-align-center\">SPONSOREN<\/h1>\n\n\n\n<figure class=\"wp-block-gallery aligncenter has-nested-images columns-4 wp-block-gallery-4 is-layout-flex wp-block-gallery-is-layout-flex\">\n<figure class=\"wp-block-image size-large\"><img loading=\"lazy\" decoding=\"async\" width=\"1123\" height=\"794\" data-id=\"2909\" src=\"https:\/\/lager.musikschulewuerenlos.ch\/wp-content\/uploads\/2021\/09\/Gemeinde.png\" alt=\"\" class=\"wp-image-2909\"\/><\/figure>\n\n\n\n<figure class=\"wp-block-image size-large\"><img loading=\"lazy\" decoding=\"async\" width=\"1123\" height=\"794\" data-id=\"2910\" src=\"https:\/\/lager.musikschulewuerenlos.ch\/wp-content\/uploads\/2021\/09\/JM.png\" alt=\"\" class=\"wp-image-2910\"\/><\/figure>\n\n\n\n<figure class=\"wp-block-image size-large\"><img loading=\"lazy\" decoding=\"async\" width=\"1123\" height=\"794\" data-id=\"2908\" src=\"https:\/\/lager.musikschulewuerenlos.ch\/wp-content\/uploads\/2021\/09\/Coop.png\" alt=\"\" class=\"wp-image-2908\"\/><\/figure>\n\n\n\n<figure class=\"wp-block-image size-full\"><img loading=\"lazy\" decoding=\"async\" width=\"700\" height=\"681\" data-id=\"4683\" src=\"https:\/\/lager.musikschulewuerenlos.ch\/wp-content\/uploads\/2025\/08\/SAGUNA_ORIGINAL.png\" alt=\"\" class=\"wp-image-4683\" srcset=\"https:\/\/lager.musikschulewuerenlos.ch\/wp-content\/uploads\/2025\/08\/SAGUNA_ORIGINAL.png 700w, https:\/\/lager.musikschulewuerenlos.ch\/wp-content\/uploads\/2025\/08\/SAGUNA_ORIGINAL-300x292.png 300w\" sizes=\"(max-width: 700px) 100vw, 700px\" \/><\/figure>\n\n\n\n<figure class=\"wp-block-image size-large\"><img loading=\"lazy\" decoding=\"async\" width=\"1123\" height=\"794\" data-id=\"2914\" src=\"https:\/\/lager.musikschulewuerenlos.ch\/wp-content\/uploads\/2021\/09\/Volg.png\" alt=\"\" class=\"wp-image-2914\"\/><\/figure>\n\n\n\n<figure class=\"wp-block-image size-large\"><img loading=\"lazy\" decoding=\"async\" width=\"1123\" height=\"794\" data-id=\"2913\" src=\"https:\/\/lager.musikschulewuerenlos.ch\/wp-content\/uploads\/2021\/09\/Ottos.png\" alt=\"\" class=\"wp-image-2913\"\/><\/figure>\n\n\n\n<figure class=\"wp-block-image size-large\"><img loading=\"lazy\" decoding=\"async\" width=\"385\" height=\"131\" data-id=\"4692\" src=\"https:\/\/lager.musikschulewuerenlos.ch\/wp-content\/uploads\/2025\/08\/Migros-Engagement_Logo.png\" alt=\"\" class=\"wp-image-4692\" srcset=\"https:\/\/lager.musikschulewuerenlos.ch\/wp-content\/uploads\/2025\/08\/Migros-Engagement_Logo.png 385w, https:\/\/lager.musikschulewuerenlos.ch\/wp-content\/uploads\/2025\/08\/Migros-Engagement_Logo-300x102.png 300w\" sizes=\"(max-width: 385px) 100vw, 385px\" \/><\/figure>\n<\/figure>\n\n\n\n<div style=\"height:50px\" aria-hidden=\"true\" class=\"wp-block-spacer\"><\/div>\n\n\n\n<p class=\"has-text-align-center\"><strong><em>HIER K\u00d6NNT IHR UNS KONTAKTIEREN<\/em><\/strong><\/p>\n\n\n\n<hr class=\"wp-block-separator has-css-opacity is-style-wide\"\/>\n\n\n\n<h1 class=\"wp-block-heading has-text-align-center\">LAGERLEITUNG KONTAKTIEREN<\/h1>\n\n\n\n<div class=\"wp-block-button aligncenter\"><a class=\"wp-block-button__link wp-element-button\" href=\"mailto: simon.spuehler@swissmains.com\">Kontakt<\/a><\/div>\n\n\n\n<div class=\"wp-block-columns has-2-columns is-layout-flex wp-container-core-columns-is-layout-9d6595d7 wp-block-columns-is-layout-flex\">\n<div class=\"wp-block-column is-layout-flow wp-block-column-is-layout-flow\">\n<p class=\"has-text-align-center\"><strong>Simon Sp\u00fchler<\/strong> (Hauptkontakt w\u00e4hrend Lager)<br><strong>E-Mail: <\/strong>simon.spuehler@swissmains.com<br><strong>Telefon:<\/strong> 079 857 64 79<\/p>\n<\/div>\n\n\n\n<div class=\"wp-block-column is-layout-flow wp-block-column-is-layout-flow\">\n<p class=\"has-text-align-center\"><strong>Sylvia Riolo<\/strong><br><strong>E-Mail: <\/strong>sylvia.riolo@wuerenlos.ch<br><strong>Telefon: <\/strong>079 509 61 67<\/p>\n<\/div>\n<\/div>\n","protected":false},"excerpt":{"rendered":"<p>HIER GEHT ES HIN LAGERORT Wir werden zum sechsten Mal unsere Zeit in Fl\u00fceli-Ranft, in der Gemeinde Sachseln im Kanton Obwalden verbringen. Das Dorfbild von Fl\u00fceli-Ranft ist als sch\u00fctzenswertes Ortsbild der Schweiz mit nationaler Bedeutung eingestuft. HIER WOHNEN WIR UNTERKUNFT Wir werden uns wieder in der Jugendunterkunft Bruder Klaus in Fl\u00fceli-Ranft einrichten. Das Lagerhaus bietet &hellip; <a href=\"https:\/\/lager.musikschulewuerenlos.ch\/index.php\/musiklager19\/\" class=\"more-link\">Continue reading <span class=\"screen-reader-text\"><\/span><\/a><\/p>\n","protected":false},"author":2,"featured_media":0,"parent":0,"menu_order":0,"comment_status":"closed","ping_status":"closed","template":"","meta":{"footnotes":""},"tags":[],"class_list":["post-121","page","type-page","status-publish","hentry","no-featured-image"],"jetpack_sharing_enabled":true,"_links":{"self":[{"href":"https:\/\/lager.musikschulewuerenlos.ch\/index.php\/wp-json\/wp\/v2\/pages\/121","targetHints":{"allow":["GET"]}}],"collection":[{"href":"https:\/\/lager.musikschulewuerenlos.ch\/index.php\/wp-json\/wp\/v2\/pages"}],"about":[{"href":"https:\/\/lager.musikschulewuerenlos.ch\/index.php\/wp-json\/wp\/v2\/types\/page"}],"author":[{"embeddable":true,"href":"https:\/\/lager.musikschulewuerenlos.ch\/index.php\/wp-json\/wp\/v2\/users\/2"}],"replies":[{"embeddable":true,"href":"https:\/\/lager.musikschulewuerenlos.ch\/index.php\/wp-json\/wp\/v2\/comments?post=121"}],"version-history":[{"count":74,"href":"https:\/\/lager.musikschulewuerenlos.ch\/index.php\/wp-json\/wp\/v2\/pages\/121\/revisions"}],"predecessor-version":[{"id":4693,"href":"https:\/\/lager.musikschulewuerenlos.ch\/index.php\/wp-json\/wp\/v2\/pages\/121\/revisions\/4693"}],"wp:attachment":[{"href":"https:\/\/lager.musikschulewuerenlos.ch\/index.php\/wp-json\/wp\/v2\/media?parent=121"}],"wp:term":[{"taxonomy":"post_tag","embeddable":true,"href":"https:\/\/lager.musikschulewuerenlos.ch\/index.php\/wp-json\/wp\/v2\/tags?post=121"}],"curies":[{"name":"wp","href":"https:\/\/api.w.org\/{rel}","templated":true}]}}